{"id":3841,"date":"2021-01-01T00:00:30","date_gmt":"2020-12-31T23:00:30","guid":{"rendered":"https:\/\/spitec.sk\/contact\/"},"modified":"2021-05-26T21:07:15","modified_gmt":"2021-05-26T19:07:15","slug":"kontaktne-informacie-ako-sa-s-nami-spojit-telefon-email-viber-watsap-telegram-alebo-facebook-messenger","status":"publish","type":"page","link":"https:\/\/spitec.sk\/sk_SK\/kontaktne-informacie-ako-sa-s-nami-spojit-telefon-email-viber-watsap-telegram-alebo-facebook-messenger\/","title":{"rendered":"Kontakt"},"content":{"rendered":"\n<p>Kontaktne inform\u00e1cie ako sa s nami spoji\u0165<\/p>\n\n\n\n<p>Pon\u00fakame V\u00e1m r\u00f4zne mo\u017enosti ako sa m\u00f4\u017eete s nami spoji\u0165. Kontakt bu\u010f priamo prostredn\u00edctvom kontaktn\u00fdch formul\u00e1rov, emailom a telefonicky. Taktie\u017e je tu mo\u017enos\u0165 kontaktova\u0165 n\u00e1s prostredn\u00edctvom<\/p>\n\n\n\n<p><a href=\"viber:\/\/chat?number=%2B421905799091\" >Kontakt na Viber<\/a><\/p>\n\n\n\n<p><a href=\"https:\/\/web.whatsapp.com\/send?l=en&phone=+421905799091\">Kontakt na Watsaap<\/a><\/p>\n\n\n\n<p>Kontakt na Telegram<\/p>\n\n\n\n<p><a href=\"https:\/\/web.whatsapp.com\/send?l=en&phone=+421905799091\">Kontakt na Facebook Messenger.<\/a><\/p>\n\n\n\n<figure class=\"wp-block-image size-large\"><img width=\"461\"  height=\"346\"  src=\"https:\/\/spitec.sk\/wp-content\/uploads\/2021\/05\/Kontaktujte-edited-1.jpg\"  alt=\"Kontaktne inform\u00e1cie ako sa s nami spoji\u0165\"  class=\"wp-image-4576\"  srcset=\"https:\/\/spitec.sk\/wp-content\/uploads\/2021\/05\/Kontaktujte-edited-1.jpg 461w, https:\/\/spitec.sk\/wp-content\/uploads\/2021\/05\/Kontaktujte-edited-1-300x225.jpg 300w, https:\/\/spitec.sk\/wp-content\/uploads\/2021\/05\/Kontaktujte-edited-1-16x12.jpg 16w, https:\/\/spitec.sk\/wp-content\/uploads\/2021\/05\/Kontaktujte-edited-1-249x187.jpg 249w, https:\/\/spitec.sk\/wp-content\/uploads\/2021\/05\/Kontaktujte-edited-1-20x15.jpg 20w\"  sizes=\"(max-width: 461px) 100vw, 461px\" \/><figcaption>Kontakt<\/figcaption><\/figure>\n\n\n\n<p>Kontakt na n\u00e1s<\/p>\n\n\n\n<p>Mo\u017enosti ako n\u00e1s m\u00f4\u017eete kontaktova\u0165<\/p>\n","protected":false},"excerpt":{"rendered":"<p>Kontaktne inform\u00e1cie ako sa s nami spoji\u0165 Pon\u00fakame V\u00e1m r\u00f4zne mo\u017enosti ako sa m\u00f4\u017eete s nami spoji\u0165. Kontakt bu\u010f priamo prostredn\u00edctvom kontaktn\u00fdch formul\u00e1rov, emailom a telefonicky. Taktie\u017e je tu mo\u017enos\u0165 kontaktova\u0165 n\u00e1s prostredn\u00edctvom Kontakt na Viber Kontakt na Watsaap Kontakt na Telegram Kontakt na Facebook Messenger. Kontakt na n\u00e1s Mo\u017enosti ako n\u00e1s m\u00f4\u017eete kontaktova\u0165<\/p>\n","protected":false},"author":1,"featured_media":0,"parent":0,"menu_order":4,"comment_status":"closed","ping_status":"closed","template":"","meta":{"_monsterinsights_skip_tracking":false,"_monsterinsights_sitenote_active":false,"_monsterinsights_sitenote_note":"","_monsterinsights_sitenote_category":0},"yoast_head":"<!-- This site is optimized with the Yoast SEO Premium plugin v18.4 (Yoast SEO v19.13) - https:\/\/yoast.com\/wordpress\/plugins\/seo\/ -->\n<title>Kontakt &bull; Dielensk\u00e9 vybavenie SpiTec &bull; Ako n\u00e1s m\u00f4\u017eete kontaktova\u0165.<\/title>\n<meta name=\"description\" content=\"Pon\u00fakame V\u00e1m r\u00f4zne mo\u017enosti ako sa m\u00f4\u017eete s nami spoji\u0165. Kontakt bu\u010f priamo prostredn\u00edctvom formul\u00e1rov, emailom alebo telefonicky.\" \/>\n<meta name=\"robots\" content=\"index, follow, max-snippet:-1, max-image-preview:large, max-video-preview:-1\" \/>\n<link rel=\"canonical\" href=\"https:\/\/spitec.sk\/sk_SK\/kontaktne-informacie-ako-sa-s-nami-spojit-telefon-email-viber-watsap-telegram-alebo-facebook-messenger\/\" \/>\n<meta property=\"og:locale\" content=\"sk_SK\" \/>\n<meta property=\"og:type\" content=\"article\" \/>\n<meta property=\"og:title\" content=\"Kontakt\" \/>\n<meta property=\"og:description\" content=\"Pon\u00fakame V\u00e1m r\u00f4zne mo\u017enosti ako sa m\u00f4\u017eete s nami spoji\u0165. Kontakt bu\u010f priamo prostredn\u00edctvom formul\u00e1rov, emailom alebo telefonicky.\" \/>\n<meta property=\"og:url\" content=\"https:\/\/spitec.sk\/sk_SK\/kontaktne-informacie-ako-sa-s-nami-spojit-telefon-email-viber-watsap-telegram-alebo-facebook-messenger\/\" \/>\n<meta property=\"og:site_name\" content=\"Dielensk\u00e9 vybavenie SpiTec\" \/>\n<meta property=\"article:modified_time\" content=\"2021-05-26T19:07:15+00:00\" \/>\n<meta property=\"og:image\" content=\"https:\/\/spitec.sk\/wp-content\/uploads\/2021\/05\/Kontaktujte-edited-1.jpg\" \/>\n<meta name=\"twitter:card\" content=\"summary_large_image\" \/>\n<meta name=\"twitter:label1\" content=\"Predpokladan\u00fd \u010das \u010d\u00edtania\" \/>\n\t<meta name=\"twitter:data1\" content=\"1 min\u00fata\" \/>\n<script type=\"application\/ld+json\" class=\"yoast-schema-graph\">{\"@context\":\"https:\/\/schema.org\",\"@graph\":[{\"@type\":\"WebPage\",\"@id\":\"https:\/\/spitec.sk\/sk_SK\/kontaktne-informacie-ako-sa-s-nami-spojit-telefon-email-viber-watsap-telegram-alebo-facebook-messenger\/\",\"url\":\"https:\/\/spitec.sk\/sk_SK\/kontaktne-informacie-ako-sa-s-nami-spojit-telefon-email-viber-watsap-telegram-alebo-facebook-messenger\/\",\"name\":\"Kontakt &bull; Dielensk\u00e9 vybavenie SpiTec &bull; Ako n\u00e1s m\u00f4\u017eete kontaktova\u0165.\",\"isPartOf\":{\"@id\":\"https:\/\/spitec.sk\/sk_SK\/#website\"},\"datePublished\":\"2020-12-31T23:00:30+00:00\",\"dateModified\":\"2021-05-26T19:07:15+00:00\",\"description\":\"Pon\u00fakame V\u00e1m r\u00f4zne mo\u017enosti ako sa m\u00f4\u017eete s nami spoji\u0165. Kontakt bu\u010f priamo prostredn\u00edctvom formul\u00e1rov, emailom alebo telefonicky.\",\"breadcrumb\":{\"@id\":\"https:\/\/spitec.sk\/sk_SK\/kontaktne-informacie-ako-sa-s-nami-spojit-telefon-email-viber-watsap-telegram-alebo-facebook-messenger\/#breadcrumb\"},\"inLanguage\":\"sk-SK\",\"potentialAction\":[{\"@type\":\"ReadAction\",\"target\":[\"https:\/\/spitec.sk\/sk_SK\/kontaktne-informacie-ako-sa-s-nami-spojit-telefon-email-viber-watsap-telegram-alebo-facebook-messenger\/\"]}]},{\"@type\":\"BreadcrumbList\",\"@id\":\"https:\/\/spitec.sk\/sk_SK\/kontaktne-informacie-ako-sa-s-nami-spojit-telefon-email-viber-watsap-telegram-alebo-facebook-messenger\/#breadcrumb\",\"itemListElement\":[{\"@type\":\"ListItem\",\"position\":1,\"name\":\"Dielensk\u00e9 vybavenie SpiTec\",\"item\":\"https:\/\/spitec.sk\/sk_SK\/\"},{\"@type\":\"ListItem\",\"position\":2,\"name\":\"Kontakt\"}]},{\"@type\":\"WebSite\",\"@id\":\"https:\/\/spitec.sk\/sk_SK\/#website\",\"url\":\"https:\/\/spitec.sk\/sk_SK\/\",\"name\":\"SpiTec, s.r.o.\",\"description\":\"Dielensk\u00e9 vybavenie pre motocykle, osobn\u00e9 a n\u00e1kladn\u00e9 aut\u00e1\",\"publisher\":{\"@id\":\"https:\/\/spitec.sk\/sk_SK\/#organization\"},\"potentialAction\":[{\"@type\":\"SearchAction\",\"target\":{\"@type\":\"EntryPoint\",\"urlTemplate\":\"https:\/\/spitec.sk\/sk_SK\/?s={search_term_string}\"},\"query-input\":\"required name=search_term_string\"}],\"inLanguage\":\"sk-SK\"},{\"@type\":\"Organization\",\"@id\":\"https:\/\/spitec.sk\/sk_SK\/#organization\",\"name\":\"SpiTec, s.r.o.\",\"url\":\"https:\/\/spitec.sk\/sk_SK\/\",\"logo\":{\"@type\":\"ImageObject\",\"inLanguage\":\"sk-SK\",\"@id\":\"https:\/\/spitec.sk\/sk_SK\/#\/schema\/logo\/image\/\",\"url\":\"https:\/\/spitec.sk\/wp-content\/uploads\/2021\/05\/SpiTec-PNG.png\",\"contentUrl\":\"https:\/\/spitec.sk\/wp-content\/uploads\/2021\/05\/SpiTec-PNG.png\",\"width\":107,\"height\":29,\"caption\":\"SpiTec, s.r.o.\"},\"image\":{\"@id\":\"https:\/\/spitec.sk\/sk_SK\/#\/schema\/logo\/image\/\"}}]}<\/script>\n<!-- \/ Yoast SEO Premium plugin. -->","yoast_head_json":{"title":"Kontakt &bull; Dielensk\u00e9 vybavenie SpiTec &bull; Ako n\u00e1s m\u00f4\u017eete kontaktova\u0165.","description":"Pon\u00fakame V\u00e1m r\u00f4zne mo\u017enosti ako sa m\u00f4\u017eete s nami spoji\u0165. Kontakt bu\u010f priamo prostredn\u00edctvom formul\u00e1rov, emailom alebo telefonicky.","robots":{"index":"index","follow":"follow","max-snippet":"max-snippet:-1","max-image-preview":"max-image-preview:large","max-video-preview":"max-video-preview:-1"},"canonical":"https:\/\/spitec.sk\/sk_SK\/kontaktne-informacie-ako-sa-s-nami-spojit-telefon-email-viber-watsap-telegram-alebo-facebook-messenger\/","og_locale":"sk_SK","og_type":"article","og_title":"Kontakt","og_description":"Pon\u00fakame V\u00e1m r\u00f4zne mo\u017enosti ako sa m\u00f4\u017eete s nami spoji\u0165. Kontakt bu\u010f priamo prostredn\u00edctvom formul\u00e1rov, emailom alebo telefonicky.","og_url":"https:\/\/spitec.sk\/sk_SK\/kontaktne-informacie-ako-sa-s-nami-spojit-telefon-email-viber-watsap-telegram-alebo-facebook-messenger\/","og_site_name":"Dielensk\u00e9 vybavenie SpiTec","article_modified_time":"2021-05-26T19:07:15+00:00","og_image":[{"url":"https:\/\/spitec.sk\/wp-content\/uploads\/2021\/05\/Kontaktujte-edited-1.jpg"}],"twitter_card":"summary_large_image","twitter_misc":{"Predpokladan\u00fd \u010das \u010d\u00edtania":"1 min\u00fata"},"schema":{"@context":"https:\/\/schema.org","@graph":[{"@type":"WebPage","@id":"https:\/\/spitec.sk\/sk_SK\/kontaktne-informacie-ako-sa-s-nami-spojit-telefon-email-viber-watsap-telegram-alebo-facebook-messenger\/","url":"https:\/\/spitec.sk\/sk_SK\/kontaktne-informacie-ako-sa-s-nami-spojit-telefon-email-viber-watsap-telegram-alebo-facebook-messenger\/","name":"Kontakt &bull; Dielensk\u00e9 vybavenie SpiTec &bull; Ako n\u00e1s m\u00f4\u017eete kontaktova\u0165.","isPartOf":{"@id":"https:\/\/spitec.sk\/sk_SK\/#website"},"datePublished":"2020-12-31T23:00:30+00:00","dateModified":"2021-05-26T19:07:15+00:00","description":"Pon\u00fakame V\u00e1m r\u00f4zne mo\u017enosti ako sa m\u00f4\u017eete s nami spoji\u0165. Kontakt bu\u010f priamo prostredn\u00edctvom formul\u00e1rov, emailom alebo telefonicky.","breadcrumb":{"@id":"https:\/\/spitec.sk\/sk_SK\/kontaktne-informacie-ako-sa-s-nami-spojit-telefon-email-viber-watsap-telegram-alebo-facebook-messenger\/#breadcrumb"},"inLanguage":"sk-SK","potentialAction":[{"@type":"ReadAction","target":["https:\/\/spitec.sk\/sk_SK\/kontaktne-informacie-ako-sa-s-nami-spojit-telefon-email-viber-watsap-telegram-alebo-facebook-messenger\/"]}]},{"@type":"BreadcrumbList","@id":"https:\/\/spitec.sk\/sk_SK\/kontaktne-informacie-ako-sa-s-nami-spojit-telefon-email-viber-watsap-telegram-alebo-facebook-messenger\/#breadcrumb","itemListElement":[{"@type":"ListItem","position":1,"name":"Dielensk\u00e9 vybavenie SpiTec","item":"https:\/\/spitec.sk\/sk_SK\/"},{"@type":"ListItem","position":2,"name":"Kontakt"}]},{"@type":"WebSite","@id":"https:\/\/spitec.sk\/sk_SK\/#website","url":"https:\/\/spitec.sk\/sk_SK\/","name":"SpiTec, s.r.o.","description":"Dielensk\u00e9 vybavenie pre motocykle, osobn\u00e9 a n\u00e1kladn\u00e9 aut\u00e1","publisher":{"@id":"https:\/\/spitec.sk\/sk_SK\/#organization"},"potentialAction":[{"@type":"SearchAction","target":{"@type":"EntryPoint","urlTemplate":"https:\/\/spitec.sk\/sk_SK\/?s={search_term_string}"},"query-input":"required name=search_term_string"}],"inLanguage":"sk-SK"},{"@type":"Organization","@id":"https:\/\/spitec.sk\/sk_SK\/#organization","name":"SpiTec, s.r.o.","url":"https:\/\/spitec.sk\/sk_SK\/","logo":{"@type":"ImageObject","inLanguage":"sk-SK","@id":"https:\/\/spitec.sk\/sk_SK\/#\/schema\/logo\/image\/","url":"https:\/\/spitec.sk\/wp-content\/uploads\/2021\/05\/SpiTec-PNG.png","contentUrl":"https:\/\/spitec.sk\/wp-content\/uploads\/2021\/05\/SpiTec-PNG.png","width":107,"height":29,"caption":"SpiTec, s.r.o."},"image":{"@id":"https:\/\/spitec.sk\/sk_SK\/#\/schema\/logo\/image\/"}}]}},"_links":{"self":[{"href":"https:\/\/spitec.sk\/sk_SK\/wp-json\/wp\/v2\/pages\/3841"}],"collection":[{"href":"https:\/\/spitec.sk\/sk_SK\/wp-json\/wp\/v2\/pages"}],"about":[{"href":"https:\/\/spitec.sk\/sk_SK\/wp-json\/wp\/v2\/types\/page"}],"author":[{"embeddable":true,"href":"https:\/\/spitec.sk\/sk_SK\/wp-json\/wp\/v2\/users\/1"}],"replies":[{"embeddable":true,"href":"https:\/\/spitec.sk\/sk_SK\/wp-json\/wp\/v2\/comments?post=3841"}],"version-history":[{"count":0,"href":"https:\/\/spitec.sk\/sk_SK\/wp-json\/wp\/v2\/pages\/3841\/revisions"}],"wp:attachment":[{"href":"https:\/\/spitec.sk\/sk_SK\/wp-json\/wp\/v2\/media?parent=3841"}],"curies":[{"name":"wp","href":"https:\/\/api.w.org\/{rel}","templated":true}]}}