{"id":2379,"date":"2021-01-01T00:00:34","date_gmt":"2020-12-31T23:00:34","guid":{"rendered":"https:\/\/testtruck.eu\/ara-homepage\/"},"modified":"2021-05-26T20:54:46","modified_gmt":"2021-05-26T18:54:46","slug":"spitec-dielenske-vybavenie-pre-motocykle-osobne-a-nakladne-auta-spitec-autoservisna-technika","status":"publish","type":"page","link":"https:\/\/spitec.sk\/sk_SK\/","title":{"rendered":"SpiTec"},"content":{"rendered":"\n<h1>SpiTec &#8211; DIELENSK\u00c9 VYBAVENIE<\/h1>\n\n\n\n<p>SpiTec &#8211; VYBAVENIE DIELNE: n\u00e1radie, zdvih\u00e1ky, geometria kolies, OBD diagnostika, klimatiz\u00e1cia, servisn\u00e9 vybavenie, pneuservis<\/p>\n\n\n\n<h2>Autoservisn\u00e1 technika pre motocykle, <a href=\"http:\/\/spitec.sk\/car\/\"  target=\"_blank\" rel=\"noreferrer noopener\">osobn\u00e9<\/a> a <a href=\"http:\/\/spitec.sk\/truck\/\"  target=\"_blank\"  rel=\"noreferrer noopener\">n\u00e1kladn\u00e9<\/a> aut\u00e1<\/h2>\n\n\n\n<h2 id=\"h-predaj-mont-za-kolenie-z-ru-n-a-poz-ru-n-servis-kalibr-cie\">PREDAJ, MONT\u00c1\u017d, ZA\u0160KOLENIE, Z\u00c1RU\u010cN\u00dd A POZ\u00c1RU\u010cN\u00dd SERVIS, KALIBR\u00c1CIE<\/h2>\n\n\n\n<figure class=\"wp-block-image size-large is-resized\"><img src=\"https:\/\/spitec.sk\/wp-content\/uploads\/2021\/05\/vybavenie-dielne.png\"  alt=\"Dielensk\u00e9 vybavenie\"  class=\"wp-image-4178\"  width=\"185\"  height=\"233\"\/><\/figure>\n\n\n\n<h3 id=\"h-spitec-dielensk-vybavenie-pon-ka-aj-slu-by-spojen-s-mont-ou-opravou-a-kalibraciou-zariaden-in-ch-zna-iek-ako-napr-klad-launch-sice-cemb-omcn-corghi-apac-oma-werther-space-fasep-ecotechnics-giuliano-sicam-m-b-ravaglioli\">SpiTec &#8211; DIELENSK\u00c9 VYBAVENIE pon\u00faka aj slu\u017eby spojen\u00e9 s mont\u00e1\u017eou, opravou a kalibraciou zariaden\u00ed in\u00fdch zna\u010diek ako napr\u00edklad LAUNCH, SICE, CEMB, OMCN, CORGHI, APAC, OMA, WERTHER, SPACE, FASEP, ECOTECHNICS, GIULIANO, SICAM, M&B, RAVAGLIOLI &#8230;<\/h3>\n\n\n\n<h3><a href=\"https:\/\/spitec.sk\/wp-content\/uploads\/2021\/05\/vybavenie-dielne.png\" >KONTROLA B\u0154ZD<\/a><\/h3>\n\n\n\n<h3>Valcov\u00e9 sk\u00fa\u0161obne b\u0155zd v stacion\u00e1rnom alebo mobilnom preveden\u00ed na kontrolu \u00fa\u010dinosti brzdenia vozidla.<\/h3>\n\n\n\n<h2>GEOMETRIA KOLIES<\/h2>\n\n\n\n<h3>Zariadenia na nastavenie geometrie kolies 3D , digit\u00e1lne alebo laserov\u00e9 prevedenie<\/h3>\n\n\n\n<h2>ULO\u017dENIE N\u00c1PRAV<\/h2>\n\n\n\n<h3>Zariadenie na kontrolu stavu zavesenia n\u00e1prav, test tlmi\u010dov, silentblokov ramena.<\/h3>\n\n\n\n<h2>KLIMATIZ\u00c1CIA<\/h2>\n\n\n\n<h3>Zariadenia na \u00fadr\u017ebu a plnenie klimatiz\u00e1cii vozidiel v poloautomatickom alebo plnoautomatickom preveden\u00ed.<\/h3>\n\n\n\n<h2>DIAGNOSTIKA<\/h2>\n\n\n\n<h3>OBD diagnostika na kontrolu elektronick\u00fdch syst\u00e9mov auta Android alebo iOs.<\/h3>\n\n\n\n<h2>PNEUSERVIS<\/h2>\n\n\n\n<h3>Prez\u00fava\u010dky a vyva\u017eova\u010dky kolies. Dofukova\u010de, pneumatick\u00e9 n\u00e1radie, zdv\u00edh\u00e1ky do pneuservisu.<\/h3>\n\n\n\n<h3><a href=\"https:\/\/spitec.sk\/aky-zdv\"  target=\"_blank\"  rel=\"noreferrer noopener\">ZDVIH\u00c1KY<\/a><\/h3>\n\n\n\n<h3>Zdvih\u00e1ky do dielne, zdvih\u00e1ky na motorky, zdvih\u00e1ky na osobn\u00e9 aut\u00e1, zdvih\u00e1ky na n\u00e1kladn\u00e9 aut\u00e1, mechanick\u00e9 zdvih\u00e1ky, hydraulick\u00e9 zdvih\u00e1ky, no\u017enicov\u00e9 zdvih\u00e1ky, zdvih\u00e1ky do pneuservisu&#8230;<\/h3>\n\n\n\n<h2>SERVISN\u00c9 VYBAVENIE<\/h2>\n\n\n\n<h3>SpiTec &#8211; Dielensk\u00e9 vybavenie, n\u00e1radie do dielne, voz\u00edky na n\u00e1radie, gola sady, pneumatick\u00e9 n\u00e1radie, ru\u010dn\u00e9 n\u00e1radie,zbern\u00e1 n\u00e1doba na olej, hydraulick\u00fd lis, vzduchov\u00fd kompresor, piestov\u00fd kompresor, dielensk\u00fd n\u00e1bytok, zdvih\u00e1k prevodovky, ..<\/h3>\n","protected":false},"excerpt":{"rendered":"<p>SpiTec &#8211; DIELENSK\u00c9 VYBAVENIE SpiTec &#8211; VYBAVENIE DIELNE: n\u00e1radie, zdvih\u00e1ky, geometria kolies, OBD diagnostika, klimatiz\u00e1cia, servisn\u00e9 vybavenie, pneuservis Autoservisn\u00e1 technika pre motocykle, osobn\u00e9 a n\u00e1kladn\u00e9 aut\u00e1 PREDAJ, MONT\u00c1\u017d, ZA\u0160KOLENIE, Z\u00c1RU\u010cN\u00dd A POZ\u00c1RU\u010cN\u00dd SERVIS, KALIBR\u00c1CIE SpiTec &#8211; DIELENSK\u00c9 VYBAVENIE pon\u00faka aj slu\u017eby spojen\u00e9 s mont\u00e1\u017eou, opravou a kalibraciou zariaden\u00ed in\u00fdch zna\u010diek ako napr\u00edklad LAUNCH, SICE, CEMB,<\/p>\n","protected":false},"author":1,"featured_media":0,"parent":0,"menu_order":1,"comment_status":"closed","ping_status":"closed","template":"","meta":{"_monsterinsights_skip_tracking":false,"_monsterinsights_sitenote_active":false,"_monsterinsights_sitenote_note":"","_monsterinsights_sitenote_category":0},"yoast_head":"<!-- This site is optimized with the Yoast SEO Premium plugin v18.4 (Yoast SEO v19.13) - https:\/\/yoast.com\/wordpress\/plugins\/seo\/ -->\n<title>Dielensk\u00e9 vybavenie SpiTec &bull; AUTOSERVISN\u00c1 TECHNIKA<\/title>\n<meta name=\"description\" content=\"SpiTec AUTOSERVISN\u00c1 TECHNIKA, dielensk\u00e9 vybavenie, dielensk\u00e1 diagnostika. Predaj, mont\u00e1\u017e, za\u0161kolenie, z\u00e1ru\u010dn\u00fd a poz\u00e1ru\u010dn\u00fd servis, kalibr\u00e1cie,\" \/>\n<meta name=\"robots\" content=\"index, follow, max-snippet:-1, max-image-preview:large, max-video-preview:-1\" \/>\n<link rel=\"canonical\" href=\"https:\/\/spitec.sk\/sk_SK\/\" \/>\n<meta property=\"og:locale\" content=\"sk_SK\" \/>\n<meta property=\"og:type\" content=\"article\" \/>\n<meta property=\"og:title\" content=\"SpiTec\" \/>\n<meta property=\"og:description\" content=\"SpiTec AUTOSERVISN\u00c1 TECHNIKA, dielensk\u00e9 vybavenie, dielensk\u00e1 diagnostika. Predaj, mont\u00e1\u017e, za\u0161kolenie, z\u00e1ru\u010dn\u00fd a poz\u00e1ru\u010dn\u00fd servis, kalibr\u00e1cie,\" \/>\n<meta property=\"og:url\" content=\"https:\/\/spitec.sk\/sk_SK\/\" \/>\n<meta property=\"og:site_name\" content=\"Dielensk\u00e9 vybavenie SpiTec\" \/>\n<meta property=\"article:modified_time\" content=\"2021-05-26T18:54:46+00:00\" \/>\n<meta property=\"og:image\" content=\"https:\/\/spitec.sk\/wp-content\/uploads\/2021\/05\/vybavenie-dielne.png\" \/>\n<meta name=\"twitter:card\" content=\"summary_large_image\" \/>\n<meta name=\"twitter:label1\" content=\"Predpokladan\u00fd \u010das \u010d\u00edtania\" \/>\n\t<meta name=\"twitter:data1\" content=\"2 min\u00faty\" \/>\n<script type=\"application\/ld+json\" class=\"yoast-schema-graph\">{\"@context\":\"https:\/\/schema.org\",\"@graph\":[{\"@type\":\"WebPage\",\"@id\":\"https:\/\/spitec.sk\/sk_SK\/\",\"url\":\"https:\/\/spitec.sk\/sk_SK\/\",\"name\":\"Dielensk\u00e9 vybavenie SpiTec &bull; AUTOSERVISN\u00c1 TECHNIKA\",\"isPartOf\":{\"@id\":\"https:\/\/spitec.sk\/sk_SK\/#website\"},\"datePublished\":\"2020-12-31T23:00:34+00:00\",\"dateModified\":\"2021-05-26T18:54:46+00:00\",\"description\":\"SpiTec AUTOSERVISN\u00c1 TECHNIKA, dielensk\u00e9 vybavenie, dielensk\u00e1 diagnostika. Predaj, mont\u00e1\u017e, za\u0161kolenie, z\u00e1ru\u010dn\u00fd a poz\u00e1ru\u010dn\u00fd servis, kalibr\u00e1cie,\",\"breadcrumb\":{\"@id\":\"https:\/\/spitec.sk\/sk_SK\/#breadcrumb\"},\"inLanguage\":\"sk-SK\",\"potentialAction\":[{\"@type\":\"ReadAction\",\"target\":[\"https:\/\/spitec.sk\/sk_SK\/\"]}]},{\"@type\":\"BreadcrumbList\",\"@id\":\"https:\/\/spitec.sk\/sk_SK\/#breadcrumb\",\"itemListElement\":[{\"@type\":\"ListItem\",\"position\":1,\"name\":\"Dielensk\u00e9 vybavenie SpiTec\",\"item\":\"https:\/\/spitec.sk\/sk_SK\/\"},{\"@type\":\"ListItem\",\"position\":2,\"name\":\"SpiTec\"}]},{\"@type\":\"WebSite\",\"@id\":\"https:\/\/spitec.sk\/sk_SK\/#website\",\"url\":\"https:\/\/spitec.sk\/sk_SK\/\",\"name\":\"SpiTec, s.r.o.\",\"description\":\"Dielensk\u00e9 vybavenie pre motocykle, osobn\u00e9 a n\u00e1kladn\u00e9 aut\u00e1\",\"publisher\":{\"@id\":\"https:\/\/spitec.sk\/sk_SK\/#organization\"},\"potentialAction\":[{\"@type\":\"SearchAction\",\"target\":{\"@type\":\"EntryPoint\",\"urlTemplate\":\"https:\/\/spitec.sk\/sk_SK\/?s={search_term_string}\"},\"query-input\":\"required name=search_term_string\"}],\"inLanguage\":\"sk-SK\"},{\"@type\":\"Organization\",\"@id\":\"https:\/\/spitec.sk\/sk_SK\/#organization\",\"name\":\"SpiTec, s.r.o.\",\"url\":\"https:\/\/spitec.sk\/sk_SK\/\",\"logo\":{\"@type\":\"ImageObject\",\"inLanguage\":\"sk-SK\",\"@id\":\"https:\/\/spitec.sk\/sk_SK\/#\/schema\/logo\/image\/\",\"url\":\"https:\/\/spitec.sk\/wp-content\/uploads\/2021\/05\/SpiTec-PNG.png\",\"contentUrl\":\"https:\/\/spitec.sk\/wp-content\/uploads\/2021\/05\/SpiTec-PNG.png\",\"width\":107,\"height\":29,\"caption\":\"SpiTec, s.r.o.\"},\"image\":{\"@id\":\"https:\/\/spitec.sk\/sk_SK\/#\/schema\/logo\/image\/\"}}]}<\/script>\n<!-- \/ Yoast SEO Premium plugin. -->","yoast_head_json":{"title":"Dielensk\u00e9 vybavenie SpiTec &bull; AUTOSERVISN\u00c1 TECHNIKA","description":"SpiTec AUTOSERVISN\u00c1 TECHNIKA, dielensk\u00e9 vybavenie, dielensk\u00e1 diagnostika. Predaj, mont\u00e1\u017e, za\u0161kolenie, z\u00e1ru\u010dn\u00fd a poz\u00e1ru\u010dn\u00fd servis, kalibr\u00e1cie,","robots":{"index":"index","follow":"follow","max-snippet":"max-snippet:-1","max-image-preview":"max-image-preview:large","max-video-preview":"max-video-preview:-1"},"canonical":"https:\/\/spitec.sk\/sk_SK\/","og_locale":"sk_SK","og_type":"article","og_title":"SpiTec","og_description":"SpiTec AUTOSERVISN\u00c1 TECHNIKA, dielensk\u00e9 vybavenie, dielensk\u00e1 diagnostika. Predaj, mont\u00e1\u017e, za\u0161kolenie, z\u00e1ru\u010dn\u00fd a poz\u00e1ru\u010dn\u00fd servis, kalibr\u00e1cie,","og_url":"https:\/\/spitec.sk\/sk_SK\/","og_site_name":"Dielensk\u00e9 vybavenie SpiTec","article_modified_time":"2021-05-26T18:54:46+00:00","og_image":[{"url":"https:\/\/spitec.sk\/wp-content\/uploads\/2021\/05\/vybavenie-dielne.png"}],"twitter_card":"summary_large_image","twitter_misc":{"Predpokladan\u00fd \u010das \u010d\u00edtania":"2 min\u00faty"},"schema":{"@context":"https:\/\/schema.org","@graph":[{"@type":"WebPage","@id":"https:\/\/spitec.sk\/sk_SK\/","url":"https:\/\/spitec.sk\/sk_SK\/","name":"Dielensk\u00e9 vybavenie SpiTec &bull; AUTOSERVISN\u00c1 TECHNIKA","isPartOf":{"@id":"https:\/\/spitec.sk\/sk_SK\/#website"},"datePublished":"2020-12-31T23:00:34+00:00","dateModified":"2021-05-26T18:54:46+00:00","description":"SpiTec AUTOSERVISN\u00c1 TECHNIKA, dielensk\u00e9 vybavenie, dielensk\u00e1 diagnostika. Predaj, mont\u00e1\u017e, za\u0161kolenie, z\u00e1ru\u010dn\u00fd a poz\u00e1ru\u010dn\u00fd servis, kalibr\u00e1cie,","breadcrumb":{"@id":"https:\/\/spitec.sk\/sk_SK\/#breadcrumb"},"inLanguage":"sk-SK","potentialAction":[{"@type":"ReadAction","target":["https:\/\/spitec.sk\/sk_SK\/"]}]},{"@type":"BreadcrumbList","@id":"https:\/\/spitec.sk\/sk_SK\/#breadcrumb","itemListElement":[{"@type":"ListItem","position":1,"name":"Dielensk\u00e9 vybavenie SpiTec","item":"https:\/\/spitec.sk\/sk_SK\/"},{"@type":"ListItem","position":2,"name":"SpiTec"}]},{"@type":"WebSite","@id":"https:\/\/spitec.sk\/sk_SK\/#website","url":"https:\/\/spitec.sk\/sk_SK\/","name":"SpiTec, s.r.o.","description":"Dielensk\u00e9 vybavenie pre motocykle, osobn\u00e9 a n\u00e1kladn\u00e9 aut\u00e1","publisher":{"@id":"https:\/\/spitec.sk\/sk_SK\/#organization"},"potentialAction":[{"@type":"SearchAction","target":{"@type":"EntryPoint","urlTemplate":"https:\/\/spitec.sk\/sk_SK\/?s={search_term_string}"},"query-input":"required name=search_term_string"}],"inLanguage":"sk-SK"},{"@type":"Organization","@id":"https:\/\/spitec.sk\/sk_SK\/#organization","name":"SpiTec, s.r.o.","url":"https:\/\/spitec.sk\/sk_SK\/","logo":{"@type":"ImageObject","inLanguage":"sk-SK","@id":"https:\/\/spitec.sk\/sk_SK\/#\/schema\/logo\/image\/","url":"https:\/\/spitec.sk\/wp-content\/uploads\/2021\/05\/SpiTec-PNG.png","contentUrl":"https:\/\/spitec.sk\/wp-content\/uploads\/2021\/05\/SpiTec-PNG.png","width":107,"height":29,"caption":"SpiTec, s.r.o."},"image":{"@id":"https:\/\/spitec.sk\/sk_SK\/#\/schema\/logo\/image\/"}}]}},"_links":{"self":[{"href":"https:\/\/spitec.sk\/sk_SK\/wp-json\/wp\/v2\/pages\/2379"}],"collection":[{"href":"https:\/\/spitec.sk\/sk_SK\/wp-json\/wp\/v2\/pages"}],"about":[{"href":"https:\/\/spitec.sk\/sk_SK\/wp-json\/wp\/v2\/types\/page"}],"author":[{"embeddable":true,"href":"https:\/\/spitec.sk\/sk_SK\/wp-json\/wp\/v2\/users\/1"}],"replies":[{"embeddable":true,"href":"https:\/\/spitec.sk\/sk_SK\/wp-json\/wp\/v2\/comments?post=2379"}],"version-history":[{"count":0,"href":"https:\/\/spitec.sk\/sk_SK\/wp-json\/wp\/v2\/pages\/2379\/revisions"}],"wp:attachment":[{"href":"https:\/\/spitec.sk\/sk_SK\/wp-json\/wp\/v2\/media?parent=2379"}],"curies":[{"name":"wp","href":"https:\/\/api.w.org\/{rel}","templated":true}]}}